{"id":2,"date":"2022-06-10T03:25:08","date_gmt":"2022-06-10T03:25:08","guid":{"rendered":"http:\/\/world2077.link\/?page_id=2"},"modified":"2022-06-12T20:49:08","modified_gmt":"2022-06-12T20:49:08","slug":"w2077-ahora","status":"publish","type":"page","link":"https:\/\/world2077.link\/index.php\/w2077-ahora\/","title":{"rendered":"W2077, ahora!"},"content":{"rendered":"<p>El mundo en el a\u00f1o 2077, \u00a1pero justo ahora!<\/p><p>in this world we need tech, the tech in this page is for the body and the room<\/p><p>en este mundo necesitamos tecnolog\u00eda, la tecnolog\u00eda en esta p\u00e1gina es para el cuerpo y la habitaci\u00f3n<\/p><p>En este lugar encontrar\u00e1s desarrollo tecnol\u00f3gico para la vida diaria desde alimentos que producen en el cuerpo m\u00e1s energ\u00eda sin desgastar las c\u00e9lulas, pasando por cremas y ung\u00fcentos que fortalecen tu organismo, hasta gadgets para que hagas tu vida mas facil<\/p>","protected":false},"excerpt":{"rendered":"<p>El mundo en el a\u00f1o 2077, \u00a1pero justo ahora! in this world we need tech, the tech in this page<\/p>\n","protected":false},"author":1,"featured_media":0,"parent":0,"menu_order":0,"comment_status":"open","ping_status":"closed","template":"","meta":{"_monsterinsights_skip_tracking":false,"_monsterinsights_sitenote_active":false,"_monsterinsights_sitenote_note":"","_monsterinsights_sitenote_category":0,"footnotes":""},"_links":{"self":[{"href":"https:\/\/world2077.link\/index.php\/wp-json\/wp\/v2\/pages\/2"}],"collection":[{"href":"https:\/\/world2077.link\/index.php\/wp-json\/wp\/v2\/pages"}],"about":[{"href":"https:\/\/world2077.link\/index.php\/wp-json\/wp\/v2\/types\/page"}],"author":[{"embeddable":true,"href":"https:\/\/world2077.link\/index.php\/wp-json\/wp\/v2\/users\/1"}],"replies":[{"embeddable":true,"href":"https:\/\/world2077.link\/index.php\/wp-json\/wp\/v2\/comments?post=2"}],"version-history":[{"count":6,"href":"https:\/\/world2077.link\/index.php\/wp-json\/wp\/v2\/pages\/2\/revisions"}],"predecessor-version":[{"id":86,"href":"https:\/\/world2077.link\/index.php\/wp-json\/wp\/v2\/pages\/2\/revisions\/86"}],"wp:attachment":[{"href":"https:\/\/world2077.link\/index.php\/wp-json\/wp\/v2\/media?parent=2"}],"curies":[{"name":"wp","href":"https:\/\/api.w.org\/{rel}","templated":true}]}}