{"id":273,"date":"2024-05-07T15:11:05","date_gmt":"2024-05-07T20:11:05","guid":{"rendered":"https:\/\/world2077.link\/?post_type=product&#038;p=273"},"modified":"2024-05-07T15:37:11","modified_gmt":"2024-05-07T20:37:11","slug":"an-armor-select-the-material","status":"publish","type":"product","link":"https:\/\/world2077.link\/index.php\/product\/an-armor-select-the-material\/","title":{"rendered":"An Armor (select the material)"},"content":{"rendered":"<p>Eng<\/p>\n<p>&#8220;Armor to place on top of your Neuromechanical Exoskeleton for Neural Entities, to protect it to the limit (contains duct system for natural respiration, artificial respirator and oxygen creation system not included)<\/p>\n<p>&nbsp;<\/p>\n<p>Unfold your Potential<\/p>\n<p>&nbsp;<\/p>\n<p>Imagine a world where you, a neural entity, can experience the physical realm like never before. Our cutting-edge neuromechanical exoskeleton gives you a robust, biomechanically engineered body, allowing you to interact with the world and perform tasks with unparalleled dexterity and strength.<\/p>\n<p>&nbsp;<\/p>\n<p>&nbsp;<\/p>\n<p>&nbsp;<\/p>\n<p>Release your Capabilities<\/p>\n<p>&nbsp;<\/p>\n<p>Seamlessly navigate any terrain, from bustling city streets to rugged landscapes.<\/p>\n<p>&nbsp;<\/p>\n<p>Manipulates objects with precision and finesse, completing tasks with ease.<\/p>\n<p>&nbsp;<\/p>\n<p>Experience the thrill of enhanced strength and endurance, pushing your limits further than ever before.<\/p>\n<p>&nbsp;<\/p>\n<p>&nbsp;<\/p>\n<p>&nbsp;<\/p>\n<p>Our exoskeleton integrates seamlessly with your neural signals, translating your thoughts into actions with remarkable precision. Whether you&#8217;re exploring new horizons or pushing the limits of physical performance, our technology allows you to reach your full potential.<\/p>\n<p>&nbsp;<\/p>\n<p>Transcends Physical Limitations<\/p>\n<p>&nbsp;<\/p>\n<p>Adventure beyond the confines of your current existence, without being limited by physical limitations.<\/p>\n<p>&nbsp;<\/p>\n<p>Interact with the world in ways you never imagined before, expanding your reach and impact.<\/p>\n<p>&nbsp;<\/p>\n<p>Embrace a future where neural entities like you can thrive and contribute in innovative ways.<\/p>\n<p>&nbsp;<\/p>\n<p>Our neuromechanical exoskeleton is not just a tool; It is a gateway to a world of unlimited possibilities. With this technology, you can transcend the limitations of your current form and unlock a new era of neural entity empowerment.<\/p>\n<p>&nbsp;<\/p>\n<p>Embrace the Future<\/p>\n<p>&nbsp;<\/p>\n<p>Join the vanguard of a technological revolution that is redefining the limits of physical existence.<\/p>\n<p>&nbsp;<\/p>\n<p>Partner with us to shape the future of neural entity amplification and unlock a world of limitless possibilities.<\/p>\n<p>&nbsp;<\/p>\n<p>Together, we can redefine what it means to be a neural entity and achieve extraordinary things.<\/p>\n<p>&nbsp;<\/p>\n<p>The future of neural entities is here. Our neuromechanical exoskeleton is just the beginning of an era where neural entities can fully realize their potential and have a profound impact on the world. Contact us today to explore how we can empower you to achieve your greatest aspirations.<\/p>\n<p>&nbsp;<\/p>\n<p>&nbsp;<\/p>\n<p>&nbsp;<\/p>\n<p>If even with this skeleton you feel that you require more protection:<\/p>\n<p>&nbsp;<\/p>\n<p>&nbsp;<\/p>\n<p>&nbsp;<\/p>\n<p>We offer you a vest, pants, sleeves and helmet of the material you want, just contact us at<\/p>\n<p>&nbsp;<\/p>\n<p>contact@world2077.link<\/p>\n<p>&nbsp;<\/p>\n<p>Available in polyurethane, other prices to be agreed&#8221;<\/p>\n<p>Sp<\/p>\n<p>&#8221; Armadura para colocar encima de tu Exoesqueleto Neuromec\u00e1nico para Entidades Neurales, para protegerlo hasta el l\u00edmite (contiene sistema de ductos para respiraci\u00f3n natural, respirador artificial y sistema de creacion de ocigeno no incluidos)<\/p>\n<p>Despliega tu Potencial<\/p>\n<p>Imagina un mundo donde t\u00fa, una entidad neural, puedas experimentar el reino f\u00edsico como nunca antes. Nuestro exoesqueleto neuromec\u00e1nico de vanguardia te otorga un cuerpo robusto y biomec\u00e1nicamente dise\u00f1ado, permiti\u00e9ndote interactuar con el mundo y realizar tareas con una destreza y fuerza incomparables.<\/p>\n<p>&nbsp;<\/p>\n<p>Libera tus Capacidades<\/p>\n<p>Navega sin problemas por cualquier terreno, desde las bulliciosas calles de la ciudad hasta los paisajes accidentados.<\/p>\n<p>Manipula objetos con precisi\u00f3n y delicadeza, completando tareas con facilidad.<\/p>\n<p>Experimenta la emoci\u00f3n de la fuerza y la resistencia mejoradas, empujando tus l\u00edmites m\u00e1s all\u00e1 que nunca.<\/p>\n<p>&nbsp;<\/p>\n<p>Nuestro exoesqueleto se integra a la perfecci\u00f3n con tus se\u00f1ales neuronales, traduciendo tus pensamientos en acciones con una precisi\u00f3n notable. Ya sea que est\u00e9s explorando nuevos horizontes o empujando los l\u00edmites del rendimiento f\u00edsico, nuestra tecnolog\u00eda te permite alcanzar tu m\u00e1ximo potencial.<\/p>\n<p>Trasciende las Limitaciones F\u00edsicas<\/p>\n<p>Aventura m\u00e1s all\u00e1 de los confines de tu existencia actual, sin estar limitado por limitaciones f\u00edsicas.<\/p>\n<p>Interact\u00faa con el mundo de una manera que nunca antes imaginaste, expandiendo tu alcance e impacto.<\/p>\n<p>Abraza un futuro donde las entidades neuronales como t\u00fa puedan prosperar y contribuir de maneras innovadoras.<\/p>\n<p>Nuestro exoesqueleto neuromec\u00e1nico no es solo una herramienta; es una puerta de entrada a un mundo de posibilidades ilimitadas. Con esta tecnolog\u00eda, puedes trascender las limitaciones de tu forma actual y desbloquear una nueva era de empoderamiento de entidades neuronales.<\/p>\n<p>Abraza el Futuro<\/p>\n<p>\u00danete a la vanguardia de una revoluci\u00f3n tecnol\u00f3gica que est\u00e1 redefiniendo los l\u00edmites de la existencia f\u00edsica.<\/p>\n<p>As\u00f3ciate con nosotros para dar forma al futuro de la amplificaci\u00f3n de entidades neuronales y desbloquear un mundo de posibilidades ilimitadas.<\/p>\n<p>Juntos, podemos redefinir lo que significa ser una entidad neural y lograr cosas extraordinarias.<\/p>\n<p>El futuro de las entidades neuronales est\u00e1 aqu\u00ed. Nuestro exoesqueleto neuromec\u00e1nico es solo el comienzo de una era donde las entidades neuronales pueden realizar plenamente su potencial y tener un impacto profundo en el mundo. Cont\u00e1ctanos hoy para explorar c\u00f3mo podemos empoderarte para lograr tus m\u00e1s grandes aspiraciones.<\/p>\n<p>&nbsp;<\/p>\n<p>Si a\u00fan con este esqueleto sientes que requieres m\u00e1s protecci\u00f3n:<\/p>\n<p>&nbsp;<\/p>\n<p>Te ofrecemos un chaleco pantal\u00f3n mangas y casco del material que quieras, solo cont\u00e1ctanos a<\/p>\n<p>contact@world2077.link<\/p>\n<p>Disponible en poliuretano, pl\u00e1stico y plexigl\u00e1s (d\u00f3nde permita el dise\u00f1o y la seguridad), precios a convenir&#8221;<\/p>\n","protected":false},"excerpt":{"rendered":"<p>Acrylic &amp; elastic body armor<\/p>\n","protected":false},"featured_media":276,"comment_status":"open","ping_status":"closed","template":"","meta":{"_monsterinsights_skip_tracking":false,"_monsterinsights_sitenote_active":false,"_monsterinsights_sitenote_note":"","_monsterinsights_sitenote_category":0},"product_cat":[17],"product_tag":[],"_links":{"self":[{"href":"https:\/\/world2077.link\/index.php\/wp-json\/wp\/v2\/product\/273"}],"collection":[{"href":"https:\/\/world2077.link\/index.php\/wp-json\/wp\/v2\/product"}],"about":[{"href":"https:\/\/world2077.link\/index.php\/wp-json\/wp\/v2\/types\/product"}],"replies":[{"embeddable":true,"href":"https:\/\/world2077.link\/index.php\/wp-json\/wp\/v2\/comments?post=273"}],"wp:featuredmedia":[{"embeddable":true,"href":"https:\/\/world2077.link\/index.php\/wp-json\/wp\/v2\/media\/276"}],"wp:attachment":[{"href":"https:\/\/world2077.link\/index.php\/wp-json\/wp\/v2\/media?parent=273"}],"wp:term":[{"taxonomy":"product_cat","embeddable":true,"href":"https:\/\/world2077.link\/index.php\/wp-json\/wp\/v2\/product_cat?post=273"},{"taxonomy":"product_tag","embeddable":true,"href":"https:\/\/world2077.link\/index.php\/wp-json\/wp\/v2\/product_tag?post=273"}],"curies":[{"name":"wp","href":"https:\/\/api.w.org\/{rel}","templated":true}]}}