{"id":293,"date":"2024-11-01T01:43:56","date_gmt":"2024-11-01T06:43:56","guid":{"rendered":"https:\/\/world2077.link\/?post_type=product&#038;p=293"},"modified":"2024-12-19T07:42:46","modified_gmt":"2024-12-19T12:42:46","slug":"12strings","status":"publish","type":"product","link":"https:\/\/world2077.link\/index.php\/product\/12strings\/","title":{"rendered":"12 strings Electric guitar white\/personalized"},"content":{"rendered":"<ul>\n<li style=\"text-align: center;\">\n<blockquote><p>An Electric 12 strings guitar, the futuristic development, but now!, personalized sound. personalized handmade paint like w77, we will in contact with you for make an unique looking instrument ( the sound is unique itself, sure!)<\/p><\/blockquote>\n<\/li>\n<li>12 separated strings, 6 or 12 separated pickups\/ tuners<\/li>\n<li>Una guitarra el\u00e9ctrica de 12 cuerdas independientes, con sonido y pintura personalizadas, esta \u00faltima en acuerdo con el propietario final de la misma, versi\u00f3n paralela adyacente o paralela inversa<\/li>\n<li style=\"text-align: right;\"><a href=\"https:\/\/world2077.link\/wp-content\/uploads\/2024\/11\/The_touch_of_twelve_strings_guitar-2.pdf\">The_touch_of_twelve_strings_guitar (2)<\/a><\/li>\n<li style=\"text-align: right;\"><a href=\"https:\/\/world2077.link\/wp-content\/uploads\/2024\/11\/A-como-dar-con-la-nota-como-fabricar-una-guitarra.es_.en-2.pdf\">-A como dar con la nota, como fabricar una g\u00a0uitarra.es.en (2)<\/a><\/li>\n<\/ul>\n<p><!--more--><\/p>\n","protected":false},"excerpt":{"rendered":"<p>1st and best 12 strings Guitar<\/p>\n","protected":false},"featured_media":299,"comment_status":"open","ping_status":"closed","template":"","meta":{"_monsterinsights_skip_tracking":false,"_monsterinsights_sitenote_active":false,"_monsterinsights_sitenote_note":"","_monsterinsights_sitenote_category":0},"product_cat":[15,35],"product_tag":[],"_links":{"self":[{"href":"https:\/\/world2077.link\/index.php\/wp-json\/wp\/v2\/product\/293"}],"collection":[{"href":"https:\/\/world2077.link\/index.php\/wp-json\/wp\/v2\/product"}],"about":[{"href":"https:\/\/world2077.link\/index.php\/wp-json\/wp\/v2\/types\/product"}],"replies":[{"embeddable":true,"href":"https:\/\/world2077.link\/index.php\/wp-json\/wp\/v2\/comments?post=293"}],"wp:featuredmedia":[{"embeddable":true,"href":"https:\/\/world2077.link\/index.php\/wp-json\/wp\/v2\/media\/299"}],"wp:attachment":[{"href":"https:\/\/world2077.link\/index.php\/wp-json\/wp\/v2\/media?parent=293"}],"wp:term":[{"taxonomy":"product_cat","embeddable":true,"href":"https:\/\/world2077.link\/index.php\/wp-json\/wp\/v2\/product_cat?post=293"},{"taxonomy":"product_tag","embeddable":true,"href":"https:\/\/world2077.link\/index.php\/wp-json\/wp\/v2\/product_tag?post=293"}],"curies":[{"name":"wp","href":"https:\/\/api.w.org\/{rel}","templated":true}]}}