{"id":32,"date":"2022-06-10T16:21:49","date_gmt":"2022-06-10T16:21:49","guid":{"rendered":"https:\/\/world2077.link\/?post_type=product&#038;p=32"},"modified":"2023-10-21T22:00:23","modified_gmt":"2023-10-22T03:00:23","slug":"cream-removes-pain","status":"publish","type":"product","link":"https:\/\/world2077.link\/index.php\/product\/cream-removes-pain\/","title":{"rendered":"cream removes pain"},"content":{"rendered":"<p>This body cream eliminates pain by suppressing electrical impulses from an affected area, it also regenerates body cells and tissues to enhance healing, 90% or more effective. Tested on 1173 test subjects, who had chronic pain. its effectiveness in dental pain has not been proven, some people report that this product improves coagulation and healing, but the use in open wounds is not verified. They also report that the product efficiently contributes to the ailments of patients with degenerative diseases, which has not been fully verified.<\/p>\n<p>Esta incre\u00edble crema corporal elimina el dolor suprimiendo los impulsos el\u00e9ctricos de una zona afectada, tambi\u00e9n regenera las c\u00e9lulas para potenciar la cura, 90% o m\u00e1s de efectividad. Probado en 1173 sujetos de prueba, quienes presentaban dolores cr\u00f3nicos. no se ha comprobado su efectividad en dolor dental, algunas personas refieren\u00a0 que este producto mejora la coagulaci\u00f3n y la cicatrizaci\u00f3n, pero no se recomienda su uso en heridas abiertas. Tambi\u00e9n refieren que el producto coadyuva eficientemente las dolencias de pacientes con enfermedades degenerativas, lo cual no se ha verificado.<\/p>\n<p>&nbsp;<\/p>\n","protected":false},"excerpt":{"rendered":"<p>Check this videos for undestanding more the pain and how control it, or buy our creme! may be you&#8217;ll obtain the same effect!!<\/p>\n<p><a href=\"https:\/\/www.youtube.com\/c\/DrGabrieleBenedetti\/videos\">DrGabrieleBenedetti\/videos<\/a><\/p>\n<p><a href=\"https:\/\/www.youtube.com\/c\/Fisioterapia-online\/videos\">Fisioterapia-online<\/a><\/p>\n","protected":false},"featured_media":11,"comment_status":"open","ping_status":"closed","template":"","meta":{"_monsterinsights_skip_tracking":false,"_monsterinsights_sitenote_active":false,"_monsterinsights_sitenote_note":"","_monsterinsights_sitenote_category":0},"product_cat":[17],"product_tag":[18,19],"_links":{"self":[{"href":"https:\/\/world2077.link\/index.php\/wp-json\/wp\/v2\/product\/32"}],"collection":[{"href":"https:\/\/world2077.link\/index.php\/wp-json\/wp\/v2\/product"}],"about":[{"href":"https:\/\/world2077.link\/index.php\/wp-json\/wp\/v2\/types\/product"}],"replies":[{"embeddable":true,"href":"https:\/\/world2077.link\/index.php\/wp-json\/wp\/v2\/comments?post=32"}],"wp:featuredmedia":[{"embeddable":true,"href":"https:\/\/world2077.link\/index.php\/wp-json\/wp\/v2\/media\/11"}],"wp:attachment":[{"href":"https:\/\/world2077.link\/index.php\/wp-json\/wp\/v2\/media?parent=32"}],"wp:term":[{"taxonomy":"product_cat","embeddable":true,"href":"https:\/\/world2077.link\/index.php\/wp-json\/wp\/v2\/product_cat?post=32"},{"taxonomy":"product_tag","embeddable":true,"href":"https:\/\/world2077.link\/index.php\/wp-json\/wp\/v2\/product_tag?post=32"}],"curies":[{"name":"wp","href":"https:\/\/api.w.org\/{rel}","templated":true}]}}